{"id":80,"date":"2020-11-17T19:05:28","date_gmt":"2020-11-17T18:05:28","guid":{"rendered":"http:\/\/wp2011.bernhard-ludvik.at\/en\/?page_id=80"},"modified":"2021-01-11T19:09:33","modified_gmt":"2021-01-11T18:09:33","slug":"publications","status":"publish","type":"page","link":"https:\/\/bernhard-ludvik.at\/en\/portfolio\/publications\/","title":{"rendered":"Publications"},"content":{"rendered":"<div id=\"pl-80\"  class=\"panel-layout\" ><div id=\"pg-80-0\"  class=\"panel-grid panel-has-style\" ><div class=\"siteorigin-panels-stretch panel-row-style panel-row-style-for-80-0\" data-stretch-type=\"full-stretched\" ><div id=\"pgc-80-0-0\"  class=\"panel-grid-cell\" ><div id=\"panel-80-0-0-0\" class=\"so-panel widget widget_sow-slider panel-first-child panel-last-child\" data-index=\"0\" ><div\n\t\t\t\n\t\t\tclass=\"so-widget-sow-slider so-widget-sow-slider-default-6d39609536fd-80\"\n\t\t\t\n\t\t>\t\t\t\t<div class=\"sow-slider-base\" style=\"display: none\" tabindex=\"0\">\n\t\t\t\t\t<ul\n\t\t\t\t\tclass=\"sow-slider-images\"\n\t\t\t\t\tdata-settings=\"{&quot;pagination&quot;:true,&quot;speed&quot;:800,&quot;timeout&quot;:8000,&quot;paused&quot;:true,&quot;pause_on_hover&quot;:false,&quot;swipe&quot;:true,&quot;nav_always_show_desktop&quot;:&quot;&quot;,&quot;nav_always_show_mobile&quot;:&quot;&quot;,&quot;breakpoint&quot;:&quot;780px&quot;,&quot;unmute&quot;:false,&quot;anchor&quot;:null}\"\n\t\t\t\t\t\t\t\t\t\tdata-anchor-id=\"\"\n\t\t\t\t>\t\t<li class=\"sow-slider-image\" style=\"visibility: visible;\" >\n\t\t\t\t\t\t<img loading=\"lazy\" decoding=\"async\" width=\"1920\" height=\"450\" src=\"https:\/\/bernhard-ludvik.at\/en\/wp-content\/uploads\/sites\/3\/2020\/12\/auszeichnungen.jpg\" class=\"sow-slider-background-image\" alt=\"\" style=\"\" srcset=\"https:\/\/bernhard-ludvik.at\/en\/wp-content\/uploads\/sites\/3\/2020\/12\/auszeichnungen.jpg 1920w, https:\/\/bernhard-ludvik.at\/en\/wp-content\/uploads\/sites\/3\/2020\/12\/auszeichnungen-300x70.jpg 300w, https:\/\/bernhard-ludvik.at\/en\/wp-content\/uploads\/sites\/3\/2020\/12\/auszeichnungen-1024x240.jpg 1024w, https:\/\/bernhard-ludvik.at\/en\/wp-content\/uploads\/sites\/3\/2020\/12\/auszeichnungen-768x180.jpg 768w, https:\/\/bernhard-ludvik.at\/en\/wp-content\/uploads\/sites\/3\/2020\/12\/auszeichnungen-1536x360.jpg 1536w\" sizes=\"auto, (max-width: 1920px) 100vw, 1920px\" \/>\t\t<\/li>\n\t\t<\/ul>\t\t\t\t<ol class=\"sow-slider-pagination\">\n\t\t\t\t\t\t\t\t\t\t\t<li><a href=\"#\" data-goto=\"0\" aria-label=\"Display slide 1\"><\/a><\/li>\n\t\t\t\t\t\t\t\t\t<\/ol>\n\n\t\t\t\t<div class=\"sow-slide-nav sow-slide-nav-next\">\n\t\t\t\t\t<a href=\"#\" data-goto=\"next\" aria-label=\"Next slide\" data-action=\"next\">\n\t\t\t\t\t\t<em class=\"sow-sld-icon-thin-right\"><\/em>\n\t\t\t\t\t<\/a>\n\t\t\t\t<\/div>\n\n\t\t\t\t<div class=\"sow-slide-nav sow-slide-nav-prev\">\n\t\t\t\t\t<a href=\"#\" data-goto=\"previous\" aria-label=\"Previous slide\" data-action=\"prev\">\n\t\t\t\t\t\t<em class=\"sow-sld-icon-thin-left\"><\/em>\n\t\t\t\t\t<\/a>\n\t\t\t\t<\/div>\n\t\t\t\t<\/div><\/div><\/div><\/div><\/div><\/div><div id=\"pg-80-1\"  class=\"panel-grid panel-no-style\" ><div id=\"pgc-80-1-0\"  class=\"panel-grid-cell\" ><div id=\"panel-80-1-0-0\" class=\"so-panel widget widget_text panel-first-child panel-last-child\" data-index=\"1\" >\t\t\t<div class=\"textwidget\"><h1>Publications <i>Prim. Univ.-Prof. Dr. Bernhard Ludvik<\/i><\/h1>\n<\/div>\n\t\t<\/div><\/div><\/div><div id=\"pg-80-2\"  class=\"panel-grid panel-no-style\" ><div id=\"pgc-80-2-0\"  class=\"panel-grid-cell\" ><div id=\"panel-80-2-0-0\" class=\"so-panel widget widget_text panel-first-child\" data-index=\"2\" >\t\t\t<div class=\"textwidget\"><div style=\"text-align: center;\"><a class=\"cta-button\" href=\"https:\/\/www.ncbi.nlm.nih.gov\/pubmed\/?term=Ludvik+b\" target=\"_blank\" rel=\"noopener\">Original papers and reviews<\/a><\/div>\n<\/div>\n\t\t<\/div><div id=\"panel-80-2-0-1\" class=\"so-panel widget widget_text\" data-index=\"3\" >\t\t\t<div class=\"textwidget\"><h2>Book chapters<\/h2>\n<ul>\n<li>Weissel M, Punzengruber C, Hartter E, Burghuber OC, <strong>Ludvik B<\/strong>, Woloszczuk W: Effect of treatment with L-thyroxine on plansma ANP levels in athyreotic patients: indirect evidence for the necessity of adequate thyroid hormone levels to maintain normal ANP levels. In Advances in atrial peptide research. Vol 2 ed. Brenner BM, Saragh JH, Eds. 1988, p. 293-297<\/li>\n<li>Graf H, Watzinger U, <strong>Ludvik B<\/strong>, Wagner A, H\u00f6cker B, Zweymuller KK: Eigenblutspende unter Erythropoietin \u2013 ein neues Konzept f\u00fcr elektive orthop\u00e4dische Eingriffe. In 10 Jahre Zweym\u00fcller H\u00fcftendoprothese. Zweymuller KK, Ed. 1990, p. 77-81<\/li>\n<li>Kautzky-Willer A, Capek M, Pacini G, <strong>Ludvik B<\/strong>, Prager R: Insulin secretion, insulin sensitivity and hepatic insulin extraction in essential hypertension. In Current Topics in Diabetes Research. Karger Verlag, 1993, p. 250-253<\/li>\n<li><strong>Ludvik B:<\/strong> Adipositas \u2013 Diagnostik und Therapie. In Ern\u00e4hrungsmedizin. Widhalm K, Diallo-Ginstl E, Eds.<br \/>\n\u00d6AK 2000, 334-346<\/li>\n<li><strong>Ludvik B:<\/strong> Konservative Therapie der morbiden Adipositas. In Morbide Adipositas \u2013 Klinik und Therapie. Hell E, Miller K, Eds. Ecomed 2000, 20-25<\/li>\n<li><strong>Ludvik B:<\/strong> Sekund\u00e4re Diabetesformen. In Diabetes in der Praxis. Waldhaeusl W, Gries FA, Scherbaum W, Eds. Springer Verlag Berlin 2004<\/li>\n<li><strong>Ludvik B:<\/strong> Diabetes mellitus: ein progerones Krankheitsbild. Therapie, Pr\u00e4vention und Einfluss von Lifestyle. In Angewandte Anti-Aging-Medizin. Gasser R (Hg). Verlagshaus der \u00c4rzte 2004<\/li>\n<li><strong>Ludvik B<\/strong>, Bischof M, Kraupp M und Luger A: Diabetes mellitus und Lipidstoffwechsel. In Endokrinologie und Stoffwechsel \u2013 MCW Block 10. Facultas Verlags- und Buchhandels AG. 5. akt. Auflage 2011 <a href=\"https:\/\/www.amazon.de\/Endokrinologie-Stoffwechsel-MCW-Block-10\/dp\/370890687X\" target=\"_blank\" rel=\"noopener\">[ISBN: 978-3-7089-0687-4]<\/a><\/li>\n<\/ul>\n<\/div>\n\t\t<\/div><div id=\"panel-80-2-0-2\" class=\"so-panel widget widget_text panel-last-child\" data-index=\"4\" >\t\t\t<div class=\"textwidget\"><h2>Books<\/h2>\n<ul>\n<li><strong>Ludvik B<\/strong> (Ed): Risikofaktor Diabetes \u2013 Konzepte f\u00fcr ein Langzeitproblem. Uni-Med-Verlag Bremen, 1.Aufl. 2004 <a href=\"http:\/\/www.amazon.de\/gp\/product\/3895998249\" target=\"_blank\" rel=\"noopener\">[ISBN: 3-89599-824-9]<\/a><\/li>\n<li><strong>Ludvik B<\/strong>, Toplak H: Medikament\u00f6se Therapie der Adipositas. Springer Verlag Wien, 1.Aufl. 2006 <a href=\"http:\/\/www.amazon.de\/gp\/product\/3211838155\" target=\"_blank\" rel=\"noopener\">[ISBN: 3-211-83815-5]<\/a><\/li>\n<li>Mihaljevic K, Feffer S, <strong>Ludvik B<\/strong>: Essen mit Spass + Aktivsein mit Mass. So entkommen Sie dem Metabolischen Syndrom. Verlagshaus der \u00c4rzte, 1.Aufl. 2006 <a href=\"http:\/\/www.amazon.de\/gp\/product\/3901488758\" target=\"_blank\" rel=\"noopener\">[ISBN: 3-901488-75-8]<\/a><\/li>\n<li>Pfeiffer A, <strong>Ludvik B<\/strong>, Kinzl J: F\u00fcr immer d\u00fcnn. Was \u00c4rzte wirklich empfehlen. CD. Galila H\u00f6rbuchverlag. 1.Aufl. 2006 <a href=\"http:\/\/www.amazon.de\/gp\/product\/3902533013\" target=\"_blank\" rel=\"noopener\">[ISBN: 3-902533-01-3]<\/a><\/li>\n<li>Prager R, Abrahamian H, Kautzky-Willer A, <strong>Ludvik B<\/strong>, Sch\u00fctz-Fuhrmann I, Weitgasser R: Diabetesmanagement mit Insulinanaloga. UNI-MED Verlag AG, 1. Auflage, 2008 <a href=\"http:\/\/www.amazon.de\/gp\/product\/3895999199\" target=\"_blank\" rel=\"noopener\">[ISBN 978-3-89599-919-2]<\/a><\/li>\n<li><strong>Ludvik B<\/strong>, Fasching P, Lechleitner M, Prager R, Weitgasser R und Maierhofer W: Diabetes und seine Folgen verstehen \u2013 Gesundheitsratgeber. MedMedia Verlags- und Mediaservice GesmbH. 2. erweiterte Neuauflage 2011 <a href=\"http:\/\/www.bernhard-ludvik.at\/uploads\/1\/2\/9\/1\/12916871\/diabetes_guide_web.pdf\" target=\"_blank\" rel=\"noopener\">[diabetes_guide_web.pdf 2,67 MB]<\/a><\/li>\n<li>Kainz E, <strong>Ludvik B<\/strong>: Ern\u00e4hrung bei Diabetes. Maudrich Verlag. 2015 <a href=\"https:\/\/www.thalia.de\/shop\/home\/artikeldetails\/ID40328762.html\" target=\"_blank\" rel=\"noopener\">[ISBN 978-3-85175-986-0]<\/a><\/li>\n<li>L\u00f6tsch B, Russolg E, <strong>Ludvik B<\/strong>: Ern\u00e4hrung bei Adipositas-Operationen. Maudrich Verlag 2017 <a href=\"https:\/\/www.thalia.de\/shop\/home\/artikeldetails\/ID139722551.html\" target=\"_blank\" rel=\"noopener\">[ISBN 978-3-99002-042-5]<\/a><\/li>\n<\/ul>\n<\/div>\n\t\t<\/div><\/div><\/div><div id=\"pg-80-3\"  class=\"panel-grid panel-has-style\" ><div class=\"cta siteorigin-panels-stretch panel-row-style panel-row-style-for-80-3\" data-stretch-type=\"full\" ><div id=\"pgc-80-3-0\"  class=\"panel-grid-cell\" ><div id=\"panel-80-3-0-0\" class=\"so-panel widget widget_text panel-first-child panel-last-child\" data-index=\"5\" >\t\t\t<div class=\"textwidget\"><h3>You are looking for a specialist in Vienna <i>on the subject of metabolic diseases and would like a consultation?<\/i><\/h3>\n<div class=\"cta-subtitle\">Then we look forward to your call on <a href=\"tel:004318904041\">+ 43-1-890 40 41<\/a> or simply use our online appointment arrangement.<\/div>\n<p><a class=\"cta-button\" href=\"https:\/\/patient.latido.at\/arzt\/_Ludvik\" target=\"_blank\" rel=\"noopener\">Make an appointment now<\/a><\/p>\n<\/div>\n\t\t<\/div><\/div><\/div><\/div><\/div>","protected":false},"excerpt":{"rendered":"<p>Publications Prim. Univ.-Prof. Dr. Bernhard Ludvik<\/p>\n","protected":false},"author":1,"featured_media":0,"parent":57,"menu_order":0,"comment_status":"closed","ping_status":"closed","template":"","meta":{"neve_meta_sidebar":"full-width","neve_meta_container":"","neve_meta_enable_content_width":"on","neve_meta_content_width":100,"neve_meta_title_alignment":"","neve_meta_author_avatar":"","neve_post_elements_order":"","neve_meta_disable_header":"","neve_meta_disable_footer":"","neve_meta_disable_title":"on","footnotes":""},"class_list":["post-80","page","type-page","status-publish","hentry"],"aioseo_notices":[],"_links":{"self":[{"href":"https:\/\/bernhard-ludvik.at\/en\/wp-json\/wp\/v2\/pages\/80","targetHints":{"allow":["GET"]}}],"collection":[{"href":"https:\/\/bernhard-ludvik.at\/en\/wp-json\/wp\/v2\/pages"}],"about":[{"href":"https:\/\/bernhard-ludvik.at\/en\/wp-json\/wp\/v2\/types\/page"}],"author":[{"embeddable":true,"href":"https:\/\/bernhard-ludvik.at\/en\/wp-json\/wp\/v2\/users\/1"}],"replies":[{"embeddable":true,"href":"https:\/\/bernhard-ludvik.at\/en\/wp-json\/wp\/v2\/comments?post=80"}],"version-history":[{"count":37,"href":"https:\/\/bernhard-ludvik.at\/en\/wp-json\/wp\/v2\/pages\/80\/revisions"}],"predecessor-version":[{"id":1275,"href":"https:\/\/bernhard-ludvik.at\/en\/wp-json\/wp\/v2\/pages\/80\/revisions\/1275"}],"up":[{"embeddable":true,"href":"https:\/\/bernhard-ludvik.at\/en\/wp-json\/wp\/v2\/pages\/57"}],"wp:attachment":[{"href":"https:\/\/bernhard-ludvik.at\/en\/wp-json\/wp\/v2\/media?parent=80"}],"curies":[{"name":"wp","href":"https:\/\/api.w.org\/{rel}","templated":true}]}}